{"id":14,"date":"2024-01-14T11:38:24","date_gmt":"2024-01-14T10:38:24","guid":{"rendered":"https:\/\/lagerfeuer.teiche-broich.de\/?page_id=14"},"modified":"2024-06-16T22:43:49","modified_gmt":"2024-06-16T20:43:49","slug":"lagerfeuer-home","status":"publish","type":"page","link":"https:\/\/lagerfeuer.teiche-broich.de\/","title":{"rendered":"Einladung zum Sommerfest am 03. August 2024"},"content":{"rendered":"\n<div style=\"height:10px\" aria-hidden=\"true\" class=\"wp-block-spacer\"><\/div>\n\n\n\n<div class=\"wp-block-columns is-layout-flex wp-container-core-columns-is-layout-28f84493 wp-block-columns-is-layout-flex\">\n<div class=\"wp-block-column is-layout-flow wp-block-column-is-layout-flow\">\n<figure class=\"wp-block-image size-full\"><img loading=\"lazy\" decoding=\"async\" width=\"4096\" height=\"2304\" src=\"https:\/\/lagerfeuer.teiche-broich.de\/wp-content\/uploads\/2024\/06\/threema-20240615-174627625.png\" alt=\"\" class=\"wp-image-159\" srcset=\"https:\/\/lagerfeuer.teiche-broich.de\/wp-content\/uploads\/2024\/06\/threema-20240615-174627625.png 4096w, https:\/\/lagerfeuer.teiche-broich.de\/wp-content\/uploads\/2024\/06\/threema-20240615-174627625-300x169.png 300w, https:\/\/lagerfeuer.teiche-broich.de\/wp-content\/uploads\/2024\/06\/threema-20240615-174627625-1024x576.png 1024w, https:\/\/lagerfeuer.teiche-broich.de\/wp-content\/uploads\/2024\/06\/threema-20240615-174627625-768x432.png 768w, https:\/\/lagerfeuer.teiche-broich.de\/wp-content\/uploads\/2024\/06\/threema-20240615-174627625-1536x864.png 1536w, https:\/\/lagerfeuer.teiche-broich.de\/wp-content\/uploads\/2024\/06\/threema-20240615-174627625-2048x1152.png 2048w\" sizes=\"auto, (max-width: 4096px) 100vw, 4096px\" \/><\/figure>\n<\/div>\n\n\n\n<div class=\"wp-block-column is-layout-flow wp-block-column-is-layout-flow\">\n<h5 class=\"wp-block-heading\">Wir laden dich herzlich zum Sommerfest an unserer Waldh\u00fctte ein \ud83d\ude42<\/h5>\n\n\n\n<p>Alle, die mit uns lachen, kl\u00f6nen, essen und die Seele baumeln lassen wollen, sind herzlich eingeladen mit uns am 03.08.2024 den Sommer zu feiern.<\/p>\n\n\n\n<p><strong>Kommt wann und bleibt solange ihr wollt &#8211; los geht&#8217;s ab 15:00!<\/strong><\/p>\n\n\n\n<add-to-calendar-button \n  name=\"Sommerfest in Broich\"\n  startDate=\"2024-08-03\"\n  startTime=\"15:00\"\n  endDate=\"2024-08-03\"\n  endTime=\"23:59\"\n  timeZone=\"Europe\/Berlin\"\n  location=\"50.70084678439347, 7.331388252022133\"  \noptions=\"'Apple','Google','iCal','Outlook.com','Yahoo','Microsoft365'\"\n  label=\"jetzt im Kalender speichern\"\n  language=\"de\"\n><\/add-to-calendar-button>\n<\/div>\n<\/div>\n\n\n\n<hr class=\"wp-block-separator has-alpha-channel-opacity is-style-wide\" style=\"margin-top:var(--wp--preset--spacing--60);margin-bottom:var(--wp--preset--spacing--60)\"\/>\n\n\n\n<div class=\"wp-block-columns is-layout-flex wp-container-core-columns-is-layout-28f84493 wp-block-columns-is-layout-flex\">\n<div class=\"wp-block-column is-layout-flow wp-block-column-is-layout-flow\">\n<figure class=\"wp-block-image size-large is-resized\"><img loading=\"lazy\" decoding=\"async\" width=\"1024\" height=\"576\" src=\"https:\/\/lagerfeuer.teiche-broich.de\/wp-content\/uploads\/2024\/01\/IMG_20220423_200611-1-1024x576.jpg\" alt=\"\" class=\"wp-image-72\" style=\"width:558px;height:auto\" srcset=\"https:\/\/lagerfeuer.teiche-broich.de\/wp-content\/uploads\/2024\/01\/IMG_20220423_200611-1-1024x576.jpg 1024w, https:\/\/lagerfeuer.teiche-broich.de\/wp-content\/uploads\/2024\/01\/IMG_20220423_200611-1-300x169.jpg 300w, https:\/\/lagerfeuer.teiche-broich.de\/wp-content\/uploads\/2024\/01\/IMG_20220423_200611-1-768x432.jpg 768w, https:\/\/lagerfeuer.teiche-broich.de\/wp-content\/uploads\/2024\/01\/IMG_20220423_200611-1-1536x864.jpg 1536w, https:\/\/lagerfeuer.teiche-broich.de\/wp-content\/uploads\/2024\/01\/IMG_20220423_200611-1-2048x1152.jpg 2048w\" sizes=\"auto, (max-width: 1024px) 100vw, 1024px\" \/><\/figure>\n\n\n\n<figure class=\"wp-block-image size-full\"><img loading=\"lazy\" decoding=\"async\" width=\"768\" height=\"581\" src=\"https:\/\/lagerfeuer.teiche-broich.de\/wp-content\/uploads\/2024\/01\/Forellen-768x581-1.jpg\" alt=\"\" class=\"wp-image-74\" srcset=\"https:\/\/lagerfeuer.teiche-broich.de\/wp-content\/uploads\/2024\/01\/Forellen-768x581-1.jpg 768w, https:\/\/lagerfeuer.teiche-broich.de\/wp-content\/uploads\/2024\/01\/Forellen-768x581-1-300x227.jpg 300w\" sizes=\"auto, (max-width: 768px) 100vw, 768px\" \/><\/figure>\n<\/div>\n\n\n\n<div class=\"wp-block-column is-layout-flow wp-block-column-is-layout-flow\">\n<h5 class=\"wp-block-heading\">Bring your own everything!<\/h5>\n\n\n\n<p>Hei\u00dft: Bringe bitte deine Lieblingsspeisen und -getr\u00e4nke mit! Wir stellen:<\/p>\n\n\n\n<ul class=\"wp-block-list\">\n<li style=\"font-size:14px\">Besteck &amp; Teller, Gl\u00e4ser und co<\/li>\n\n\n\n<li style=\"font-size:14px\">St\u00fchle, Tische und eine H\u00fctte f\u00fcr eure Sachen<\/li>\n\n\n\n<li style=\"font-size:14px\">Zwei Grillf\u00e4sser mit Plancha Platte und Grillrost<\/li>\n\n\n\n<li style=\"font-size:14px\">Eine Feuerschale zur Zubereitung von Stockbrot und Steckerlfisch<\/li>\n\n\n\n<li style=\"font-size:14px\">und ein Kloh\u00e4uschen und Frischwasser zum H\u00e4ndewaschen<\/li>\n<\/ul>\n\n\n\n<h5 class=\"wp-block-heading\"><br>Wer kommt, wen und was ihr mitbringt, k\u00f6nnt ihr einfach in folgende Liste eintragen:<strong> <a href=\"https:\/\/docs.google.com\/spreadsheets\/d\/17FhxPU6-WPvWB7pjzsdhSNedem0YK-uBQKZq97h6PR0\/edit?usp=sharing\">Klick mich!<\/a><\/strong><\/h5>\n\n\n\n<p>Bis jetzt wird mitgebracht:<\/p>\n\n\n\n<iframe loading=\"lazy\" width=\"100%\" height=\"410\" src=\"https:\/\/docs.google.com\/spreadsheets\/d\/e\/2PACX-1vRWIiQlbUXkbItkQC8dyZNWWsXlq4e4DsPmBXgC9aYCk-ryrMedY6QiI-EGsW-iAmAWKRm8zrlAn1Oa\/pubhtml?gid=711035716&amp;&#038;widget=false&#038;chrome=false&#038;header=false\"><\/iframe>\n<\/div>\n<\/div>\n\n\n\n<hr class=\"wp-block-separator has-alpha-channel-opacity is-style-wide\" style=\"margin-top:var(--wp--preset--spacing--60);margin-bottom:var(--wp--preset--spacing--60)\"\/>\n\n\n\n<h5 class=\"wp-block-heading\">Wo m\u00fcsst ihr hin?<\/h5>\n\n\n\n<div class=\"wp-block-columns is-layout-flex wp-container-core-columns-is-layout-28f84493 wp-block-columns-is-layout-flex\">\n<div class=\"wp-block-column is-layout-flow wp-block-column-is-layout-flow\">\n<figure class=\"wp-block-image size-full\"><img loading=\"lazy\" decoding=\"async\" width=\"972\" height=\"769\" src=\"https:\/\/lagerfeuer.teiche-broich.de\/wp-content\/uploads\/2024\/01\/Wegbeschreibung.jpg\" alt=\"\" class=\"wp-image-71\" srcset=\"https:\/\/lagerfeuer.teiche-broich.de\/wp-content\/uploads\/2024\/01\/Wegbeschreibung.jpg 972w, https:\/\/lagerfeuer.teiche-broich.de\/wp-content\/uploads\/2024\/01\/Wegbeschreibung-300x237.jpg 300w, https:\/\/lagerfeuer.teiche-broich.de\/wp-content\/uploads\/2024\/01\/Wegbeschreibung-768x608.jpg 768w\" sizes=\"auto, (max-width: 972px) 100vw, 972px\" \/><\/figure>\n<\/div>\n\n\n\n<div class=\"wp-block-column is-layout-flow wp-block-column-is-layout-flow\">\n<p>Parkt bitte am Stra\u00dfenrand auf der Eudenbacherstra\u00dfe &#8211; kommt dann anschlie\u00dfend den Weg zu Fu\u00df in den Wald hinunter.<\/p>\n\n\n\n<p>Ein rosa Luftballon markiert den Eingang zum Wald.<\/p>\n\n\n\n<p>Nutzt zur Navigation am Besten folgende Links<\/p>\n\n\n\n<figure class=\"wp-block-table\"><table><tbody><tr><td>Parken<\/td><td><a href=\"https:\/\/maps.app.goo.gl\/rjWK4yQw8doKVT1K7\" target=\"_blank\" rel=\"noreferrer noopener\">Google Maps Link<\/a><\/td><\/tr><tr><td>Waldh\u00fctte<\/td><td><a href=\"https:\/\/maps.app.goo.gl\/VWJcKCKV7Quey2U76\" target=\"_blank\" rel=\"noreferrer noopener\">Google Maps Link<\/a><\/td><\/tr><\/tbody><\/table><\/figure>\n<\/div>\n<\/div>\n\n\n\n<hr class=\"wp-block-separator has-alpha-channel-opacity is-style-wide\" style=\"margin-top:var(--wp--preset--spacing--60);margin-bottom:var(--wp--preset--spacing--60)\"\/>\n\n\n\n<div class=\"wp-block-columns is-layout-flex wp-container-core-columns-is-layout-28f84493 wp-block-columns-is-layout-flex\">\n<div class=\"wp-block-column is-layout-flow wp-block-column-is-layout-flow\">\n<figure class=\"wp-block-image size-full\"><img loading=\"lazy\" decoding=\"async\" width=\"800\" height=\"600\" src=\"https:\/\/lagerfeuer.teiche-broich.de\/wp-content\/uploads\/2024\/01\/Feuerschale-2.jpg\" alt=\"\" class=\"wp-image-73\" srcset=\"https:\/\/lagerfeuer.teiche-broich.de\/wp-content\/uploads\/2024\/01\/Feuerschale-2.jpg 800w, https:\/\/lagerfeuer.teiche-broich.de\/wp-content\/uploads\/2024\/01\/Feuerschale-2-300x225.jpg 300w, https:\/\/lagerfeuer.teiche-broich.de\/wp-content\/uploads\/2024\/01\/Feuerschale-2-768x576.jpg 768w\" sizes=\"auto, (max-width: 800px) 100vw, 800px\" \/><\/figure>\n<\/div>\n\n\n\n<div class=\"wp-block-column is-layout-flow wp-block-column-is-layout-flow\">\n<h5 class=\"wp-block-heading\">Lagerfeuer bis tief in die Nacht<\/h5>\n\n\n\n<p>Ein Lagerfeuer h\u00e4lt uns warm, sobald es k\u00fchler wird.<br>Bringt euch nat\u00fcrlich gerne zus\u00e4tzlich noch eine Decke mit, falls ihr schnell frieren solltet.<\/p>\n\n\n\n<p><strong>Wir freuen uns auf euch!<br><\/strong>Jule &amp; Tommy<\/p>\n<\/div>\n<\/div>\n","protected":false},"excerpt":{"rendered":"<p>Wir laden dich herzlich zum Sommerfest an unserer Waldh\u00fctte ein \ud83d\ude42 Alle, die mit uns lachen, kl\u00f6nen, essen und die<\/p>\n","protected":false},"author":1,"featured_media":0,"parent":0,"menu_order":0,"comment_status":"closed","ping_status":"closed","template":"","meta":{"footnotes":""},"class_list":["post-14","page","type-page","status-publish","hentry"],"_links":{"self":[{"href":"https:\/\/lagerfeuer.teiche-broich.de\/index.php?rest_route=\/wp\/v2\/pages\/14","targetHints":{"allow":["GET"]}}],"collection":[{"href":"https:\/\/lagerfeuer.teiche-broich.de\/index.php?rest_route=\/wp\/v2\/pages"}],"about":[{"href":"https:\/\/lagerfeuer.teiche-broich.de\/index.php?rest_route=\/wp\/v2\/types\/page"}],"author":[{"embeddable":true,"href":"https:\/\/lagerfeuer.teiche-broich.de\/index.php?rest_route=\/wp\/v2\/users\/1"}],"replies":[{"embeddable":true,"href":"https:\/\/lagerfeuer.teiche-broich.de\/index.php?rest_route=%2Fwp%2Fv2%2Fcomments&post=14"}],"version-history":[{"count":10,"href":"https:\/\/lagerfeuer.teiche-broich.de\/index.php?rest_route=\/wp\/v2\/pages\/14\/revisions"}],"predecessor-version":[{"id":238,"href":"https:\/\/lagerfeuer.teiche-broich.de\/index.php?rest_route=\/wp\/v2\/pages\/14\/revisions\/238"}],"wp:attachment":[{"href":"https:\/\/lagerfeuer.teiche-broich.de\/index.php?rest_route=%2Fwp%2Fv2%2Fmedia&parent=14"}],"curies":[{"name":"wp","href":"https:\/\/api.w.org\/{rel}","templated":true}]}}